{"id":21,"date":"2025-10-17T08:05:38","date_gmt":"2025-10-17T08:05:38","guid":{"rendered":"https:\/\/kostenlosespieleonline.de\/?page_id=21"},"modified":"2025-10-17T08:05:43","modified_gmt":"2025-10-17T08:05:43","slug":"uber-uns","status":"publish","type":"page","link":"https:\/\/kostenlosespieleonline.de\/en\/uber-uns\/","title":{"rendered":"\u00dcber uns"},"content":{"rendered":"<section style=\"line-height:2rem;\">\n<h2>\u00dcber uns<\/h2>\n<p>Willkommen bei <strong>frei-spielen.de<\/strong> \u2013 deinem Ort im Internet, an dem Spielen wirklich <em>frei<\/em> bedeutet!<\/p>\n<p>Hier dreht sich alles um Spiele, die du jederzeit genie\u00dfen kannst \u2013 ob mit oder ohne Internetverbindung. Wir sind ein Team leidenschaftlicher Gamer, die \u00fcberzeugt sind, dass echter Spielspa\u00df keine st\u00e4ndige Online-Verbindung braucht.<\/p>\n<p>Egal, ob du im Zug sitzt, auf Reisen bist oder einfach mal abschalten m\u00f6chtest \u2013 bei uns findest du sorgf\u00e4ltig ausgew\u00e4hlte Spiele, die dich auch offline begeistern werden.<\/p>\n<p>Von spannenden Handyspielen bis hin zu unterhaltsamen PC-Titeln \u2013 unsere Mission ist klar: Wir zeigen dir die besten kostenlosen und offline spielbaren Games, damit du jederzeit Spa\u00df haben kannst \u2013 ganz frei, ganz du.<\/p>\n<p>Also st\u00f6bere durch unsere Auswahl, entdecke neue Lieblingsspiele und genie\u00dfe das Spielen \u2013 frei und ohne Grenzen!<\/p>\n<\/section>","protected":false},"excerpt":{"rendered":"<p>\u00dcber uns Willkommen bei frei-spielen.de \u2013 deinem Ort im Internet, an dem Spielen wirklich frei bedeutet! Hier dreht sich alles um Spiele, die du jederzeit genie\u00dfen kannst \u2013 ob mit oder ohne Internetverbindung. Wir sind ein Team leidenschaftlicher Gamer, die \u00fcberzeugt sind, dass echter Spielspa\u00df keine st\u00e4ndige Online-Verbindung braucht. Egal, ob du im Zug sitzt, [&hellip;]<\/p>","protected":false},"author":1,"featured_media":0,"parent":0,"menu_order":0,"comment_status":"closed","ping_status":"closed","template":"","meta":{"schema_type":"","mabp_game_type":"","mabp_description":"","mabp_swf_url":"","mabp_thumbnail_url":"","mabp_game_tag":"","mabp_game_uuid":"","mabp_game_slug":"","mabp_height":"","mabp_width":"","mabp_video_url":"","mabp_rating":"","mabp_votes":"","mabp_category":"","mabp_leaderboard_enabled":"","mabp_game_source":"","mabp_screen_1":"","footnotes":""},"class_list":["post-21","page","type-page","status-publish","hentry"],"_links":{"self":[{"href":"https:\/\/kostenlosespieleonline.de\/en\/wp-json\/wp\/v2\/pages\/21","targetHints":{"allow":["GET"]}}],"collection":[{"href":"https:\/\/kostenlosespieleonline.de\/en\/wp-json\/wp\/v2\/pages"}],"about":[{"href":"https:\/\/kostenlosespieleonline.de\/en\/wp-json\/wp\/v2\/types\/page"}],"author":[{"embeddable":true,"href":"https:\/\/kostenlosespieleonline.de\/en\/wp-json\/wp\/v2\/users\/1"}],"replies":[{"embeddable":true,"href":"https:\/\/kostenlosespieleonline.de\/en\/wp-json\/wp\/v2\/comments?post=21"}],"version-history":[{"count":1,"href":"https:\/\/kostenlosespieleonline.de\/en\/wp-json\/wp\/v2\/pages\/21\/revisions"}],"predecessor-version":[{"id":22,"href":"https:\/\/kostenlosespieleonline.de\/en\/wp-json\/wp\/v2\/pages\/21\/revisions\/22"}],"wp:attachment":[{"href":"https:\/\/kostenlosespieleonline.de\/en\/wp-json\/wp\/v2\/media?parent=21"}],"curies":[{"name":"wp","href":"https:\/\/api.w.org\/{rel}","templated":true}]}}