{"id":15,"date":"2025-10-17T08:02:00","date_gmt":"2025-10-17T08:02:00","guid":{"rendered":"https:\/\/kostenlosespieleonline.de\/?page_id=15"},"modified":"2025-10-17T08:02:00","modified_gmt":"2025-10-17T08:02:00","slug":"entwicklerin","status":"publish","type":"page","link":"https:\/\/kostenlosespieleonline.de\/en\/entwicklerin\/","title":{"rendered":"Entwicklerin"},"content":{"rendered":"<section style=\"line-height:2rem;\">\n<div id=\"ez-toc-container\" class=\"ez-toc-v2_0_76 counter-hierarchy ez-toc-counter ez-toc-grey ez-toc-container-direction\">\n<div class=\"ez-toc-title-container\">\n<p class=\"ez-toc-title\" style=\"cursor:inherit\">Table of Contents<\/p>\n<span class=\"ez-toc-title-toggle\"><a href=\"#\" class=\"ez-toc-pull-right ez-toc-btn ez-toc-btn-xs ez-toc-btn-default ez-toc-toggle\" aria-label=\"Toggle Table of Content\"><span class=\"ez-toc-js-icon-con\"><span class=\"\"><span class=\"eztoc-hide\" style=\"display:none;\">Toggle<\/span><span class=\"ez-toc-icon-toggle-span\"><svg style=\"fill: #999;color:#999\" xmlns=\"http:\/\/www.w3.org\/2000\/svg\" class=\"list-377408\" width=\"20px\" height=\"20px\" viewbox=\"0 0 24 24\" fill=\"none\"><path d=\"M6 6H4v2h2V6zm14 0H8v2h12V6zM4 11h2v2H4v-2zm16 0H8v2h12v-2zM4 16h2v2H4v-2zm16 0H8v2h12v-2z\" fill=\"currentColor\"><\/path><\/svg><svg style=\"fill: #999;color:#999\" class=\"arrow-unsorted-368013\" xmlns=\"http:\/\/www.w3.org\/2000\/svg\" width=\"10px\" height=\"10px\" viewbox=\"0 0 24 24\" version=\"1.2\" baseprofile=\"tiny\"><path d=\"M18.2 9.3l-6.2-6.3-6.2 6.3c-.2.2-.3.4-.3.7s.1.5.3.7c.2.2.4.3.7.3h11c.3 0 .5-.1.7-.3.2-.2.3-.5.3-.7s-.1-.5-.3-.7zM5.8 14.7l6.2 6.3 6.2-6.3c.2-.2.3-.5.3-.7s-.1-.5-.3-.7c-.2-.2-.4-.3-.7-.3h-11c-.3 0-.5.1-.7.3-.2.2-.3.5-.3.7s.1.5.3.7z\"\/><\/svg><\/span><\/span><\/span><\/a><\/span><\/div>\n<nav><ul class='ez-toc-list ez-toc-list-level-1' ><li class='ez-toc-page-1 ez-toc-heading-level-2'><a class=\"ez-toc-link ez-toc-heading-1\" href=\"https:\/\/kostenlosespieleonline.de\/en\/entwicklerin\/#1_Ubersicht\" >1. \u00dcbersicht<\/a><ul class='ez-toc-list-level-3' ><li class='ez-toc-heading-level-3'><a class=\"ez-toc-link ez-toc-heading-2\" href=\"https:\/\/kostenlosespieleonline.de\/en\/entwicklerin\/#Warum_Sie_sich_fur_uns_entscheiden_sollten\" >Warum Sie sich f\u00fcr uns entscheiden sollten<\/a><\/li><\/ul><\/li><li class='ez-toc-page-1 ez-toc-heading-level-2'><a class=\"ez-toc-link ez-toc-heading-3\" href=\"https:\/\/kostenlosespieleonline.de\/en\/entwicklerin\/#2_Anforderungen_fur_die_Einreichung\" >2. Anforderungen f\u00fcr die Einreichung<\/a><\/li><li class='ez-toc-page-1 ez-toc-heading-level-2'><a class=\"ez-toc-link ez-toc-heading-4\" href=\"https:\/\/kostenlosespieleonline.de\/en\/entwicklerin\/#3_Erste_Schritte\" >3. Erste Schritte<\/a><\/li><li class='ez-toc-page-1 ez-toc-heading-level-2'><a class=\"ez-toc-link ez-toc-heading-5\" href=\"https:\/\/kostenlosespieleonline.de\/en\/entwicklerin\/#4_Vorteile_fur_Entwickler\" >4. Vorteile f\u00fcr Entwickler<\/a><\/li><\/ul><\/nav><\/div>\n<h2><span class=\"ez-toc-section\" id=\"1_Ubersicht\"><\/span>1. \u00dcbersicht<span class=\"ez-toc-section-end\"><\/span><\/h2>\n<p>  <strong>Offline-Spiele ver\u00f6ffentlichen<\/strong><\/p>\n<p>  Erweitern Sie Ihre Reichweite, indem Sie Ihre Offline-Spiele einem internationalen Publikum zug\u00e4nglich machen.<br \/>\n  Ob auf Mobilger\u00e4ten oder Desktops \u2013 Ihre Spiele begeistern Spieler weltweit, ganz ohne Internetverbindung.<br \/>\n  Lassen Sie uns gemeinsam die Zukunft der Offline-Unterhaltung gestalten!<\/p>\n<h3><span class=\"ez-toc-section\" id=\"Warum_Sie_sich_fur_uns_entscheiden_sollten\"><\/span>Warum Sie sich f\u00fcr uns entscheiden sollten<span class=\"ez-toc-section-end\"><\/span><\/h3>\n<p>  \ud83d\udd38 <strong>Zielgruppe:<\/strong> Erreichen Sie Spieler, die spannende Spiele ohne WLAN suchen.<br \/>\n  \ud83d\udd38 <strong>Plattform\u00fcbergreifende Unterst\u00fctzung:<\/strong> Pr\u00e4sentieren Sie Ihre Spiele, optimiert f\u00fcr Desktop und Mobilger\u00e4te.<br \/>\n  \ud83d\udd38 <strong>Benutzerfreundliches Dashboard:<\/strong> Verwalten Sie Ihre Spiele m\u00fchelos \u00fcber eine intuitive Entwickleroberfl\u00e4che.<\/p>\n<h2><span class=\"ez-toc-section\" id=\"2_Anforderungen_fur_die_Einreichung\"><\/span>2. Anforderungen f\u00fcr die Einreichung<span class=\"ez-toc-section-end\"><\/span><\/h2>\n<p>  Um unseren Nutzern ein optimales Erlebnis zu bieten, m\u00fcssen alle eingereichten Spiele folgende Qualit\u00e4tsstandards erf\u00fcllen:<\/p>\n<p>  \ud83d\udd39 <strong>Reibungsloses und intuitives Gameplay<\/strong><br \/>\n  Spiele sollten einfache, leicht verst\u00e4ndliche Mechaniken bieten.<br \/>\n  Klare Anleitungen oder Tutorials helfen neuen Spielern beim Einstieg.<\/p>\n<p>  \ud83d\udd39 <strong>Unterhaltsame und ausgewogene Erlebnisse<\/strong><br \/>\n  Das Gameplay sollte fl\u00fcssig reagieren, ohne sp\u00fcrbare Verz\u00f6gerung.<br \/>\n  Herausforderungen sollten fair und motivierend gestaltet sein.<\/p>\n<p>  \ud83d\udd39 <strong>Optimierte Leistung<\/strong><br \/>\n  Ihre Spiele sollten f\u00fcr Offline-Nutzung und Ressourcenschonung optimiert sein.<br \/>\n  Eine reibungslose Performance auf verschiedenen Ger\u00e4ten ist Voraussetzung \u2013 ohne Kompromisse bei Grafik oder Sound.<\/p>\n<h2><span class=\"ez-toc-section\" id=\"3_Erste_Schritte\"><\/span>3. Erste Schritte<span class=\"ez-toc-section-end\"><\/span><\/h2>\n<p>  1\ufe0f\u20e3 <strong>Registrieren:<\/strong> Erstellen Sie ein kostenloses Entwicklerkonto auf <strong>kostenlosespieleonline.de<\/strong>.<br \/>\n  2\ufe0f\u20e3 <strong>Spiel einreichen:<\/strong> Laden Sie Ihre Spieldateien, Beschreibungen und Medien hoch.<br \/>\n  3\ufe0f\u20e3 <strong>Pr\u00e4sentieren:<\/strong> Nach Freigabe erscheint Ihr Spiel auf unserer Plattform und erreicht die stetig wachsende Community von Offline-Gaming-Fans.<\/p>\n<h2><span class=\"ez-toc-section\" id=\"4_Vorteile_fur_Entwickler\"><\/span>4. Vorteile f\u00fcr Entwickler<span class=\"ez-toc-section-end\"><\/span><\/h2>\n<p>  \ud83d\udcb0 <strong>Monetarisierungsoptionen<\/strong><br \/>\n  Aktivieren Sie Werbung oder In-Game-K\u00e4ufe, um auch offline Einnahmen zu erzielen.<\/p>\n<p>  \ud83d\udcca <strong>Analytics-Dashboard<\/strong><br \/>\n  Erhalten Sie Echtzeitdaten zum Spielerengagement, zur Retention und zur Performance.<\/p>\n<p>  \ud83e\udd1d <strong>Community-Support<\/strong><br \/>\n  Treten Sie einem Netzwerk gleichgesinnter Entwickler bei und arbeiten Sie gemeinsam an neuen spannenden Projekten.<\/p>\n<p>  <strong>Werden Sie Teil der Entwickler-Community von kostenlosespieleonline.de<\/strong> und bringen Sie Ihre Offline-Spiele auf das n\u00e4chste Level!<br \/>\n<\/section>","protected":false},"excerpt":{"rendered":"<p>1. \u00dcbersicht Offline-Spiele ver\u00f6ffentlichen Erweitern Sie Ihre Reichweite, indem Sie Ihre Offline-Spiele einem internationalen Publikum zug\u00e4nglich machen. Ob auf Mobilger\u00e4ten oder Desktops \u2013 Ihre Spiele begeistern Spieler weltweit, ganz ohne Internetverbindung. Lassen Sie uns gemeinsam die Zukunft der Offline-Unterhaltung gestalten! Warum Sie sich f\u00fcr uns entscheiden sollten \ud83d\udd38 Zielgruppe: Erreichen Sie Spieler, die spannende Spiele [&hellip;]<\/p>","protected":false},"author":1,"featured_media":0,"parent":0,"menu_order":0,"comment_status":"closed","ping_status":"closed","template":"","meta":{"schema_type":"","mabp_game_type":"","mabp_description":"","mabp_swf_url":"","mabp_thumbnail_url":"","mabp_game_tag":"","mabp_game_uuid":"","mabp_game_slug":"","mabp_height":"","mabp_width":"","mabp_video_url":"","mabp_rating":"","mabp_votes":"","mabp_category":"","mabp_leaderboard_enabled":"","mabp_game_source":"","mabp_screen_1":"","footnotes":""},"class_list":["post-15","page","type-page","status-publish","hentry"],"_links":{"self":[{"href":"https:\/\/kostenlosespieleonline.de\/en\/wp-json\/wp\/v2\/pages\/15","targetHints":{"allow":["GET"]}}],"collection":[{"href":"https:\/\/kostenlosespieleonline.de\/en\/wp-json\/wp\/v2\/pages"}],"about":[{"href":"https:\/\/kostenlosespieleonline.de\/en\/wp-json\/wp\/v2\/types\/page"}],"author":[{"embeddable":true,"href":"https:\/\/kostenlosespieleonline.de\/en\/wp-json\/wp\/v2\/users\/1"}],"replies":[{"embeddable":true,"href":"https:\/\/kostenlosespieleonline.de\/en\/wp-json\/wp\/v2\/comments?post=15"}],"version-history":[{"count":1,"href":"https:\/\/kostenlosespieleonline.de\/en\/wp-json\/wp\/v2\/pages\/15\/revisions"}],"predecessor-version":[{"id":16,"href":"https:\/\/kostenlosespieleonline.de\/en\/wp-json\/wp\/v2\/pages\/15\/revisions\/16"}],"wp:attachment":[{"href":"https:\/\/kostenlosespieleonline.de\/en\/wp-json\/wp\/v2\/media?parent=15"}],"curies":[{"name":"wp","href":"https:\/\/api.w.org\/{rel}","templated":true}]}}