{"id":13,"date":"2025-10-17T08:01:12","date_gmt":"2025-10-17T08:01:12","guid":{"rendered":"https:\/\/kostenlosespieleonline.de\/?page_id=13"},"modified":"2025-10-17T08:01:12","modified_gmt":"2025-10-17T08:01:12","slug":"dmca","status":"publish","type":"page","link":"https:\/\/kostenlosespieleonline.de\/en\/dmca\/","title":{"rendered":"DMCA"},"content":{"rendered":"<section style=\"line-height:2rem;\">\n<h2>DMCA-Richtlinie<\/h2>\n<p>  Wir bei <strong>kostenlosespieleonline.de<\/strong> respektieren die geistigen Eigentumsrechte anderer und erwarten dies auch von unseren Nutzern.<br \/>\n  Alle Spiele, Bilder und Inhalte auf unserer Website sind entweder frei verf\u00fcgbar oder werden im Rahmen der Fair-Use-Richtlinien zu Bewertungs-, Bildungs- oder Informationszwecken geteilt.<\/p>\n<p>  Wenn Sie der Inhaber von Urheberrechten oder ein autorisierter Vertreter sind und der Meinung sind, dass Inhalte auf unserer Website Ihr Urheberrecht verletzen, kontaktieren Sie uns bitte mit den folgenden Angaben:<\/p>\n<p>  Ihr vollst\u00e4ndiger Name und Ihre Kontaktdaten (einschlie\u00dflich E-Mail-Adresse).<br \/>\n  Eine klare Beschreibung des urheberrechtlich gesch\u00fctzten Werks, von dem Sie glauben, dass es verletzt wurde.<br \/>\n  Die genaue(n) URL(s) auf unserer Website, auf der\/denen der betreffende Inhalt zu finden ist.<br \/>\n  Eine Erkl\u00e4rung, dass Sie nach bestem Wissen davon ausgehen, dass die Nutzung des Materials nicht vom Urheberrechtsinhaber, dessen Vertreter oder gesetzlich autorisiert wurde.<br \/>\n  Eine Erkl\u00e4rung, dass die Angaben in Ihrer Mitteilung korrekt sind und dass Sie entweder der Urheberrechtsinhaber sind oder berechtigt sind, im Namen des Rechteinhabers zu handeln.<\/p>\n<p>  Sie erreichen uns unter:<br \/>\n  \ud83d\udce7 <strong>[contact@kostenlosespieleonline.de]<\/strong><\/p>\n<p>  Sobald wir eine ordnungsgem\u00e4\u00dfe DMCA-Mitteilung erhalten, werden wir unverz\u00fcglich Ma\u00dfnahmen ergreifen, um den betreffenden Inhalt zu entfernen oder den Zugriff darauf zu sperren.<\/p>\n<p>  Vielen Dank, dass Sie uns dabei helfen, <strong>kostenlosespieleonline.de<\/strong> zu einer sicheren, fairen und respektvollen Plattform f\u00fcr alle zu machen!<br \/>\n<\/section>","protected":false},"excerpt":{"rendered":"<p>DMCA-Richtlinie Wir bei kostenlosespieleonline.de respektieren die geistigen Eigentumsrechte anderer und erwarten dies auch von unseren Nutzern. Alle Spiele, Bilder und Inhalte auf unserer Website sind entweder frei verf\u00fcgbar oder werden im Rahmen der Fair-Use-Richtlinien zu Bewertungs-, Bildungs- oder Informationszwecken geteilt. Wenn Sie der Inhaber von Urheberrechten oder ein autorisierter Vertreter sind und der Meinung sind, [&hellip;]<\/p>","protected":false},"author":1,"featured_media":0,"parent":0,"menu_order":0,"comment_status":"closed","ping_status":"closed","template":"","meta":{"schema_type":"","mabp_game_type":"","mabp_description":"","mabp_swf_url":"","mabp_thumbnail_url":"","mabp_game_tag":"","mabp_game_uuid":"","mabp_game_slug":"","mabp_height":"","mabp_width":"","mabp_video_url":"","mabp_rating":"","mabp_votes":"","mabp_category":"","mabp_leaderboard_enabled":"","mabp_game_source":"","mabp_screen_1":"","footnotes":""},"class_list":["post-13","page","type-page","status-publish","hentry"],"_links":{"self":[{"href":"https:\/\/kostenlosespieleonline.de\/en\/wp-json\/wp\/v2\/pages\/13","targetHints":{"allow":["GET"]}}],"collection":[{"href":"https:\/\/kostenlosespieleonline.de\/en\/wp-json\/wp\/v2\/pages"}],"about":[{"href":"https:\/\/kostenlosespieleonline.de\/en\/wp-json\/wp\/v2\/types\/page"}],"author":[{"embeddable":true,"href":"https:\/\/kostenlosespieleonline.de\/en\/wp-json\/wp\/v2\/users\/1"}],"replies":[{"embeddable":true,"href":"https:\/\/kostenlosespieleonline.de\/en\/wp-json\/wp\/v2\/comments?post=13"}],"version-history":[{"count":1,"href":"https:\/\/kostenlosespieleonline.de\/en\/wp-json\/wp\/v2\/pages\/13\/revisions"}],"predecessor-version":[{"id":14,"href":"https:\/\/kostenlosespieleonline.de\/en\/wp-json\/wp\/v2\/pages\/13\/revisions\/14"}],"wp:attachment":[{"href":"https:\/\/kostenlosespieleonline.de\/en\/wp-json\/wp\/v2\/media?parent=13"}],"curies":[{"name":"wp","href":"https:\/\/api.w.org\/{rel}","templated":true}]}}